{"id":25,"date":"2025-02-10T16:40:10","date_gmt":"2025-02-10T15:40:10","guid":{"rendered":"http:\/\/s589057449.online.de\/_musterweb1\/?page_id=25"},"modified":"2025-04-02T11:03:07","modified_gmt":"2025-04-02T09:03:07","slug":"salon","status":"publish","type":"page","link":"https:\/\/friseur-coaching-muster1.de\/index.php\/salon\/","title":{"rendered":"Salon"},"content":{"rendered":"\t\t<div data-elementor-type=\"wp-page\" data-elementor-id=\"25\" class=\"elementor elementor-25\" data-elementor-post-type=\"page\">\n\t\t\t\t<div class=\"elementor-element elementor-element-aa7f909 e-con-full e-flex wpr-particle-no wpr-jarallax-no wpr-parallax-no wpr-sticky-section-no wpr-equal-height-no e-con e-parent\" data-id=\"aa7f909\" data-element_type=\"container\" data-e-type=\"container\" data-settings=\"{&quot;background_background&quot;:&quot;classic&quot;}\">\n\t\t\t\t<\/div>\n\t\t<div class=\"elementor-element elementor-element-50d78e9 e-flex e-con-boxed wpr-particle-no wpr-jarallax-no wpr-parallax-no wpr-sticky-section-no wpr-equal-height-no e-con e-parent\" data-id=\"50d78e9\" data-element_type=\"container\" data-e-type=\"container\" data-settings=\"{&quot;background_background&quot;:&quot;classic&quot;}\">\n\t\t\t\t\t<div class=\"e-con-inner\">\n\t\t\t\t\t<\/div>\n\t\t\t\t<\/div>\n\t\t<div class=\"elementor-element elementor-element-c6e3bec e-flex e-con-boxed wpr-particle-no wpr-jarallax-no wpr-parallax-no wpr-sticky-section-no wpr-equal-height-no e-con e-parent\" data-id=\"c6e3bec\" data-element_type=\"container\" data-e-type=\"container\">\n\t\t\t\t\t<div class=\"e-con-inner\">\n\t\t<div class=\"elementor-element elementor-element-52e1146 e-con-full e-flex wpr-particle-no wpr-jarallax-no wpr-parallax-no wpr-sticky-section-no wpr-equal-height-no e-con e-child\" data-id=\"52e1146\" data-element_type=\"container\" data-e-type=\"container\">\n\t\t\t\t<div class=\"elementor-element elementor-element-09a945c elementor-widget elementor-widget-heading\" data-id=\"09a945c\" data-element_type=\"widget\" data-e-type=\"widget\" data-widget_type=\"heading.default\">\n\t\t\t\t<div class=\"elementor-widget-container\">\n\t\t\t\t\t<h2 class=\"elementor-heading-title elementor-size-default\">Susi's Schnibbelbude<\/h2>\t\t\t\t<\/div>\n\t\t\t\t<\/div>\n\t\t\t\t<div class=\"elementor-element elementor-element-259c557 elementor-widget elementor-widget-heading\" data-id=\"259c557\" data-element_type=\"widget\" data-e-type=\"widget\" data-widget_type=\"heading.default\">\n\t\t\t\t<div class=\"elementor-widget-container\">\n\t\t\t\t\t<h2 class=\"elementor-heading-title elementor-size-default\">Der Salon<\/h2>\t\t\t\t<\/div>\n\t\t\t\t<\/div>\n\t\t\t\t<div class=\"elementor-element elementor-element-24d9b76 elementor-widget elementor-widget-text-editor\" data-id=\"24d9b76\" data-element_type=\"widget\" data-e-type=\"widget\" data-widget_type=\"text-editor.default\">\n\t\t\t\t<div class=\"elementor-widget-container\">\n\t\t\t\t\t\t\t\t\t<p>Willkommen in Susi&#8217;s Schnibbelbude, wo Fachwissen, exzellenter Service und eine gepflegte, gem\u00fctliche Atmosph\u00e4re zusammenkommen, um Dir ein einzigartiges Friseurerlebnis zu bieten. Unsere erfahrenen Stylisten verf\u00fcgen \u00fcber ein tiefes Verst\u00e4ndnis f\u00fcr Haare und Trends, um Deinen individuellen Look zu kreieren.\u00a0<\/p>\t\t\t\t\t\t\t\t<\/div>\n\t\t\t\t<\/div>\n\t\t\t\t<div class=\"elementor-element elementor-element-095f75e elementor-widget elementor-widget-n-accordion\" data-id=\"095f75e\" data-element_type=\"widget\" data-e-type=\"widget\" data-settings=\"{&quot;default_state&quot;:&quot;all_collapsed&quot;,&quot;max_items_expended&quot;:&quot;one&quot;,&quot;n_accordion_animation_duration&quot;:{&quot;unit&quot;:&quot;ms&quot;,&quot;size&quot;:400,&quot;sizes&quot;:[]}}\" data-widget_type=\"nested-accordion.default\">\n\t\t\t\t<div class=\"elementor-widget-container\">\n\t\t\t\t\t\t\t<div class=\"e-n-accordion\" aria-label=\"Accordion. Open links with Enter or Space, close with Escape, and navigate with Arrow Keys\">\n\t\t\t\t\t\t<details id=\"e-n-accordion-item-9820\" class=\"e-n-accordion-item\" >\n\t\t\t\t<summary class=\"e-n-accordion-item-title\" data-accordion-index=\"1\" tabindex=\"0\" aria-expanded=\"false\" aria-controls=\"e-n-accordion-item-9820\" >\n\t\t\t\t\t<span class='e-n-accordion-item-title-header'><div class=\"e-n-accordion-item-title-text\"> Weiterlesen <\/div><\/span>\n\t\t\t\t\t\t\t<span class='e-n-accordion-item-title-icon'>\n\t\t\t<span class='e-opened' ><i aria-hidden=\"true\" class=\"icon icon-open-book1\"><\/i><\/span>\n\t\t\t<span class='e-closed'><i aria-hidden=\"true\" class=\"icon icon-book\"><\/i><\/span>\n\t\t<\/span>\n\n\t\t\t\t\t\t<\/summary>\n\t\t\t\t<div role=\"region\" aria-labelledby=\"e-n-accordion-item-9820\" class=\"elementor-element elementor-element-dd9a845 e-con-full e-flex wpr-particle-no wpr-jarallax-no wpr-parallax-no wpr-sticky-section-no wpr-equal-height-no e-con e-child\" data-id=\"dd9a845\" data-element_type=\"container\" data-e-type=\"container\">\n\t\t<div role=\"region\" aria-labelledby=\"e-n-accordion-item-9820\" class=\"elementor-element elementor-element-0e4aa10 e-flex e-con-boxed wpr-particle-no wpr-jarallax-no wpr-parallax-no wpr-sticky-section-no wpr-equal-height-no e-con e-child\" data-id=\"0e4aa10\" data-element_type=\"container\" data-e-type=\"container\">\n\t\t\t\t\t<div class=\"e-con-inner\">\n\t\t\t\t<div class=\"elementor-element elementor-element-c4073a3 elementor-widget elementor-widget-text-editor\" data-id=\"c4073a3\" data-element_type=\"widget\" data-e-type=\"widget\" data-widget_type=\"text-editor.default\">\n\t\t\t\t<div class=\"elementor-widget-container\">\n\t\t\t\t\t\t\t\t\t<p>Wir bieten Dir eine Vielzahl von Dienstleistungen, von klassischen Haarschnitten bis hin zu aufwendigen Colorationen.<\/p><p>Wir nehmen uns Zeit f\u00fcr eine pers\u00f6nliche Beratung, um Deine W\u00fcnsche zu verstehen und gemeinsam mit Dir die perfekte Frisur zu finden.In unserem Salon erwartet Dich eine entspannte und einladende Umgebung, in der Du Dich wohlf\u00fchlen und verw\u00f6hnen lassen kannst.<\/p><p>Wir sind uns unserer Verantwortung gegen\u00fcber der Umwelt bewusst und handeln nachhaltig. In unserem Salon verwenden wir ausschlie\u00dflich hochwertige Produkte, die sowohl schonend f\u00fcr Dein Haar als auch f\u00fcr die Umwelt sind. Wir achten auf einen ressourcenschonenden Umgang mit Wasser und Energie und vermeiden unn\u00f6tigen M\u00fcll. Nachhaltigkeit ist f\u00fcr uns nicht nur ein Trend, sondern eine Herzensangelegenheit.<\/p>\t\t\t\t\t\t\t\t<\/div>\n\t\t\t\t<\/div>\n\t\t\t\t\t<\/div>\n\t\t\t\t<\/div>\n\t\t\t\t<\/div>\n\t\t\t\t\t<\/details>\n\t\t\t\t\t<\/div>\n\t\t\t\t\t\t<\/div>\n\t\t\t\t<\/div>\n\t\t\t\t<\/div>\n\t\t<div class=\"elementor-element elementor-element-5440ae4 e-con-full e-flex wpr-particle-no wpr-jarallax-no wpr-parallax-no wpr-sticky-section-no wpr-equal-height-no e-con e-child\" data-id=\"5440ae4\" data-element_type=\"container\" data-e-type=\"container\">\n\t\t\t\t<div class=\"elementor-element elementor-element-e17beea animated-slow elementor-invisible elementor-widget elementor-widget-image\" data-id=\"e17beea\" data-element_type=\"widget\" data-e-type=\"widget\" data-settings=\"{&quot;_animation&quot;:&quot;fadeInRight&quot;,&quot;_animation_delay&quot;:400}\" data-widget_type=\"image.default\">\n\t\t\t\t<div class=\"elementor-widget-container\">\n\t\t\t\t\t\t\t\t\t\t\t\t\t\t\t<img fetchpriority=\"high\" decoding=\"async\" width=\"1200\" height=\"1200\" src=\"https:\/\/friseur-coaching-muster1.de\/wp-content\/uploads\/2025\/02\/Gemini_Generated_Image_ahdvf4ahdvf4ahdv.jpeg\" class=\"attachment-full size-full wp-image-219\" alt=\"\" srcset=\"https:\/\/friseur-coaching-muster1.de\/wp-content\/uploads\/2025\/02\/Gemini_Generated_Image_ahdvf4ahdvf4ahdv.jpeg 1200w, https:\/\/friseur-coaching-muster1.de\/wp-content\/uploads\/2025\/02\/Gemini_Generated_Image_ahdvf4ahdvf4ahdv-300x300.jpeg 300w, https:\/\/friseur-coaching-muster1.de\/wp-content\/uploads\/2025\/02\/Gemini_Generated_Image_ahdvf4ahdvf4ahdv-1024x1024.jpeg 1024w, https:\/\/friseur-coaching-muster1.de\/wp-content\/uploads\/2025\/02\/Gemini_Generated_Image_ahdvf4ahdvf4ahdv-150x150.jpeg 150w, https:\/\/friseur-coaching-muster1.de\/wp-content\/uploads\/2025\/02\/Gemini_Generated_Image_ahdvf4ahdvf4ahdv-768x768.jpeg 768w, https:\/\/friseur-coaching-muster1.de\/wp-content\/uploads\/2025\/02\/Gemini_Generated_Image_ahdvf4ahdvf4ahdv-100x100.jpeg 100w, https:\/\/friseur-coaching-muster1.de\/wp-content\/uploads\/2025\/02\/Gemini_Generated_Image_ahdvf4ahdvf4ahdv-200x200.jpeg 200w, https:\/\/friseur-coaching-muster1.de\/wp-content\/uploads\/2025\/02\/Gemini_Generated_Image_ahdvf4ahdvf4ahdv-400x400.jpeg 400w, https:\/\/friseur-coaching-muster1.de\/wp-content\/uploads\/2025\/02\/Gemini_Generated_Image_ahdvf4ahdvf4ahdv-500x500.jpeg 500w\" sizes=\"(max-width: 1200px) 100vw, 1200px\" \/>\t\t\t\t\t\t\t\t\t\t\t\t\t\t\t<\/div>\n\t\t\t\t<\/div>\n\t\t\t\t<\/div>\n\t\t\t\t\t<\/div>\n\t\t\t\t<\/div>\n\t\t<div class=\"elementor-element elementor-element-7d02473 e-flex e-con-boxed wpr-particle-no wpr-jarallax-no wpr-parallax-no wpr-sticky-section-no wpr-equal-height-no e-con e-parent\" data-id=\"7d02473\" data-element_type=\"container\" data-e-type=\"container\">\n\t\t\t\t\t<div class=\"e-con-inner\">\n\t\t\t\t<div class=\"elementor-element elementor-element-732a950 wpr-button-icon-position-left elementor-fixed wpr-button-icon-style-inline elementor-widget elementor-widget-wpr-button\" data-id=\"732a950\" data-element_type=\"widget\" data-e-type=\"widget\" data-settings=\"{&quot;_position&quot;:&quot;fixed&quot;,&quot;ep_floating_effects_show&quot;:&quot;yes&quot;,&quot;ep_floating_effects_translate_toggle&quot;:&quot;yes&quot;,&quot;ep_floating_effects_translate_x&quot;:{&quot;unit&quot;:&quot;px&quot;,&quot;size&quot;:&quot;&quot;,&quot;sizes&quot;:{&quot;from&quot;:-11,&quot;to&quot;:42}},&quot;ep_floating_effects_translate_y&quot;:{&quot;unit&quot;:&quot;px&quot;,&quot;size&quot;:&quot;&quot;,&quot;sizes&quot;:{&quot;from&quot;:0,&quot;to&quot;:0}},&quot;ep_floating_effects_translate_duration&quot;:{&quot;unit&quot;:&quot;px&quot;,&quot;size&quot;:1000,&quot;sizes&quot;:[]},&quot;ep_floating_effects_translate_delay&quot;:{&quot;unit&quot;:&quot;px&quot;,&quot;size&quot;:&quot;&quot;,&quot;sizes&quot;:[]},&quot;ep_floating_effects_easing&quot;:&quot;easeInOutQuad&quot;}\" data-widget_type=\"wpr-button.default\">\n\t\t\t\t<div class=\"elementor-widget-container\">\n\t\t\t\t\t\t\n\t\t\t\n\t\t\n\t\t<div class=\"wpr-button-wrap elementor-clearfix\">\n\t\t<a class=\"wpr-button wpr-button-effect wpr-button-aylen\" data-text=\"\" href=\"#link\">\n\t\t\t\n\t\t\t<span class=\"wpr-button-content\">\n\t\t\t\t\t\t\t\t\t<span class=\"wpr-button-text\">Termin buchen<\/span>\n\t\t\t\t\t\t\t\t\n\t\t\t\t\t\t\t\t\t<span class=\"wpr-button-icon\"><svg class=\"e-font-icon-svg e-far-calendar-alt\" viewBox=\"0 0 448 512\" xmlns=\"http:\/\/www.w3.org\/2000\/svg\"><path d=\"M148 288h-40c-6.6 0-12-5.4-12-12v-40c0-6.6 5.4-12 12-12h40c6.6 0 12 5.4 12 12v40c0 6.6-5.4 12-12 12zm108-12v-40c0-6.6-5.4-12-12-12h-40c-6.6 0-12 5.4-12 12v40c0 6.6 5.4 12 12 12h40c6.6 0 12-5.4 12-12zm96 0v-40c0-6.6-5.4-12-12-12h-40c-6.6 0-12 5.4-12 12v40c0 6.6 5.4 12 12 12h40c6.6 0 12-5.4 12-12zm-96 96v-40c0-6.6-5.4-12-12-12h-40c-6.6 0-12 5.4-12 12v40c0 6.6 5.4 12 12 12h40c6.6 0 12-5.4 12-12zm-96 0v-40c0-6.6-5.4-12-12-12h-40c-6.6 0-12 5.4-12 12v40c0 6.6 5.4 12 12 12h40c6.6 0 12-5.4 12-12zm192 0v-40c0-6.6-5.4-12-12-12h-40c-6.6 0-12 5.4-12 12v40c0 6.6 5.4 12 12 12h40c6.6 0 12-5.4 12-12zm96-260v352c0 26.5-21.5 48-48 48H48c-26.5 0-48-21.5-48-48V112c0-26.5 21.5-48 48-48h48V12c0-6.6 5.4-12 12-12h40c6.6 0 12 5.4 12 12v52h128V12c0-6.6 5.4-12 12-12h40c6.6 0 12 5.4 12 12v52h48c26.5 0 48 21.5 48 48zm-48 346V160H48v298c0 3.3 2.7 6 6 6h340c3.3 0 6-2.7 6-6z\"><\/path><\/svg><\/span>\n\t\t\t\t\t\t\t<\/span>\n\t\t<\/a>\n\n\t\t\t\t<\/div>\n\t\n\t\n\t\t\t\t\t<\/div>\n\t\t\t\t<\/div>\n\t\t\t\t\t<\/div>\n\t\t\t\t<\/div>\n\t\t<div class=\"elementor-element elementor-element-c04412f e-flex e-con-boxed wpr-particle-no wpr-jarallax-no wpr-parallax-no wpr-sticky-section-no wpr-equal-height-no e-con e-parent\" data-id=\"c04412f\" data-element_type=\"container\" data-e-type=\"container\" data-settings=\"{&quot;background_background&quot;:&quot;classic&quot;}\">\n\t\t\t\t\t<div class=\"e-con-inner\">\n\t\t<div class=\"elementor-element elementor-element-00930ef e-con-full e-flex wpr-particle-no wpr-jarallax-no wpr-parallax-no wpr-sticky-section-no wpr-equal-height-no e-con e-child\" data-id=\"00930ef\" data-element_type=\"container\" data-e-type=\"container\">\n\t\t\t\t<div class=\"elementor-element elementor-element-9f85524 animated-slow elementor-invisible elementor-widget elementor-widget-image\" data-id=\"9f85524\" data-element_type=\"widget\" data-e-type=\"widget\" data-settings=\"{&quot;_animation&quot;:&quot;fadeInLeft&quot;,&quot;_animation_delay&quot;:400}\" data-widget_type=\"image.default\">\n\t\t\t\t<div class=\"elementor-widget-container\">\n\t\t\t\t\t\t\t\t\t\t\t\t\t\t\t<img decoding=\"async\" width=\"683\" height=\"1024\" src=\"https:\/\/friseur-coaching-muster1.de\/wp-content\/uploads\/2025\/02\/organic-cosmetic-product-with-dreamy-aesthetic-fresh-background-683x1024.jpg\" class=\"attachment-large size-large wp-image-291\" alt=\"\" srcset=\"https:\/\/friseur-coaching-muster1.de\/wp-content\/uploads\/2025\/02\/organic-cosmetic-product-with-dreamy-aesthetic-fresh-background-683x1024.jpg 683w, https:\/\/friseur-coaching-muster1.de\/wp-content\/uploads\/2025\/02\/organic-cosmetic-product-with-dreamy-aesthetic-fresh-background-200x300.jpg 200w, https:\/\/friseur-coaching-muster1.de\/wp-content\/uploads\/2025\/02\/organic-cosmetic-product-with-dreamy-aesthetic-fresh-background-768x1152.jpg 768w, https:\/\/friseur-coaching-muster1.de\/wp-content\/uploads\/2025\/02\/organic-cosmetic-product-with-dreamy-aesthetic-fresh-background-1024x1536.jpg 1024w, https:\/\/friseur-coaching-muster1.de\/wp-content\/uploads\/2025\/02\/organic-cosmetic-product-with-dreamy-aesthetic-fresh-background-scaled.jpg 1200w\" sizes=\"(max-width: 683px) 100vw, 683px\" \/>\t\t\t\t\t\t\t\t\t\t\t\t\t\t\t<\/div>\n\t\t\t\t<\/div>\n\t\t\t\t<\/div>\n\t\t<div class=\"elementor-element elementor-element-66a2076 e-con-full animated-slow e-flex wpr-particle-no wpr-jarallax-no wpr-parallax-no wpr-sticky-section-no wpr-equal-height-no elementor-invisible e-con e-child\" data-id=\"66a2076\" data-element_type=\"container\" data-e-type=\"container\" data-settings=\"{&quot;animation&quot;:&quot;fadeInRight&quot;,&quot;animation_delay&quot;:400}\">\n\t\t\t\t<div class=\"elementor-element elementor-element-e877324 elementor-widget elementor-widget-heading\" data-id=\"e877324\" data-element_type=\"widget\" data-e-type=\"widget\" data-widget_type=\"heading.default\">\n\t\t\t\t<div class=\"elementor-widget-container\">\n\t\t\t\t\t<h2 class=\"elementor-heading-title elementor-size-default\">Unsere Philosophie<\/h2>\t\t\t\t<\/div>\n\t\t\t\t<\/div>\n\t\t\t\t<div class=\"elementor-element elementor-element-8e06b4c elementor-widget elementor-widget-heading\" data-id=\"8e06b4c\" data-element_type=\"widget\" data-e-type=\"widget\" data-widget_type=\"heading.default\">\n\t\t\t\t<div class=\"elementor-widget-container\">\n\t\t\t\t\t<h2 class=\"elementor-heading-title elementor-size-default\">authentisch - professionell - freundlich - nachhaltig<\/h2>\t\t\t\t<\/div>\n\t\t\t\t<\/div>\n\t\t\t\t<div class=\"elementor-element elementor-element-4bad849 elementor-widget elementor-widget-text-editor\" data-id=\"4bad849\" data-element_type=\"widget\" data-e-type=\"widget\" data-widget_type=\"text-editor.default\">\n\t\t\t\t<div class=\"elementor-widget-container\">\n\t\t\t\t\t\t\t\t\t<p>Wir glauben, dass jeder Mensch einzigartig ist und eine Frisur verdient, die seine Pers\u00f6nlichkeit unterstreicht.<\/p><p>Unser Ziel ist es, dass Dein Besuch bei uns etwas Unvergessliches wird und Du unseren Salon mit einem L\u00e4cheln und einem gest\u00e4rktem Selbstbewusstsein verl\u00e4sst.<\/p>\t\t\t\t\t\t\t\t<\/div>\n\t\t\t\t<\/div>\n\t\t\t\t<div class=\"elementor-element elementor-element-5d2a97b elementor-widget elementor-widget-text-editor\" data-id=\"5d2a97b\" data-element_type=\"widget\" data-e-type=\"widget\" data-widget_type=\"text-editor.default\">\n\t\t\t\t<div class=\"elementor-widget-container\">\n\t\t\t\t\t\t\t\t\t<b>\u00d6ffnungszeiten:<\/b><br> Dienstag &#8211; Freitag<br> 09.00 Uhr &#8211; 19.00 Uhr<br> Samstag<br> 09.00 Uhr &#8211; 16.00 Uhr\t\t\t\t\t\t\t\t<\/div>\n\t\t\t\t<\/div>\n\t\t\t\t<\/div>\n\t\t\t\t\t<\/div>\n\t\t\t\t<\/div>\n\t\t<div class=\"elementor-element elementor-element-ec543b6 e-flex e-con-boxed wpr-particle-no wpr-jarallax-no wpr-parallax-no wpr-equal-height-no e-con e-parent\" data-id=\"ec543b6\" data-element_type=\"container\" data-e-type=\"container\" data-settings=\"{&quot;background_background&quot;:&quot;classic&quot;}\">\n\t\t\t\t\t<div class=\"e-con-inner\">\n\t\t\t\t<div class=\"elementor-element elementor-element-770ae25 animated-slow elementor-invisible elementor-widget elementor-widget-heading\" data-id=\"770ae25\" data-element_type=\"widget\" data-e-type=\"widget\" data-settings=\"{&quot;_animation&quot;:&quot;fadeInDown&quot;,&quot;_animation_delay&quot;:400}\" data-widget_type=\"heading.default\">\n\t\t\t\t<div class=\"elementor-widget-container\">\n\t\t\t\t\t<h2 class=\"elementor-heading-title elementor-size-default\">\u00dcberzeuge Dich einfach selbst und entdecke Deinen neuen Look! \nVereinbare noch heute mit uns einen Termin.<\/h2>\t\t\t\t<\/div>\n\t\t\t\t<\/div>\n\t\t\t\t<div class=\"elementor-element elementor-element-479425b wpr-button-icon-position-left animated-slow wpr-button-icon-style-inline elementor-invisible elementor-widget elementor-widget-wpr-button\" data-id=\"479425b\" data-element_type=\"widget\" data-e-type=\"widget\" data-settings=\"{&quot;_animation&quot;:&quot;fadeInLeft&quot;,&quot;_animation_delay&quot;:600}\" data-widget_type=\"wpr-button.default\">\n\t\t\t\t<div class=\"elementor-widget-container\">\n\t\t\t\t\t\t\n\t\t\t\n\t\t\n\t\t<div class=\"wpr-button-wrap elementor-clearfix\">\n\t\t<a class=\"wpr-button wpr-button-effect wpr-button-aylen\" data-text=\"\" href=\"#link\">\n\t\t\t\n\t\t\t<span class=\"wpr-button-content\">\n\t\t\t\t\t\t\t\t\t<span class=\"wpr-button-text\">+49 12345678            <\/span>\n\t\t\t\t\t\t\t\t\n\t\t\t\t\t\t\t\t\t<span class=\"wpr-button-icon\"><svg class=\"e-font-icon-svg e-fas-phone-alt\" viewBox=\"0 0 512 512\" xmlns=\"http:\/\/www.w3.org\/2000\/svg\"><path d=\"M497.39 361.8l-112-48a24 24 0 0 0-28 6.9l-49.6 60.6A370.66 370.66 0 0 1 130.6 204.11l60.6-49.6a23.94 23.94 0 0 0 6.9-28l-48-112A24.16 24.16 0 0 0 122.6.61l-104 24A24 24 0 0 0 0 48c0 256.5 207.9 464 464 464a24 24 0 0 0 23.4-18.6l24-104a24.29 24.29 0 0 0-14.01-27.6z\"><\/path><\/svg><\/span>\n\t\t\t\t\t\t\t<\/span>\n\t\t<\/a>\n\n\t\t\t\t<\/div>\n\t\n\t\n\t\t\t\t\t<\/div>\n\t\t\t\t<\/div>\n\t\t\t\t<div class=\"elementor-element elementor-element-14e23d1 wpr-button-icon-position-left animated-slow wpr-button-icon-style-inline elementor-invisible elementor-widget elementor-widget-wpr-button\" data-id=\"14e23d1\" data-element_type=\"widget\" data-e-type=\"widget\" data-settings=\"{&quot;_animation&quot;:&quot;fadeInRight&quot;,&quot;_animation_delay&quot;:600}\" data-widget_type=\"wpr-button.default\">\n\t\t\t\t<div class=\"elementor-widget-container\">\n\t\t\t\t\t\t\n\t\t\t\n\t\t\n\t\t<div class=\"wpr-button-wrap elementor-clearfix\">\n\t\t<a class=\"wpr-button wpr-button-effect wpr-button-aylen\" data-text=\"\" href=\"#link\">\n\t\t\t\n\t\t\t<span class=\"wpr-button-content\">\n\t\t\t\t\t\t\t\t\t<span class=\"wpr-button-text\">Online-Termin          <\/span>\n\t\t\t\t\t\t\t\t\n\t\t\t\t\t\t\t\t\t<span class=\"wpr-button-icon\"><svg class=\"e-font-icon-svg e-far-calendar-alt\" viewBox=\"0 0 448 512\" xmlns=\"http:\/\/www.w3.org\/2000\/svg\"><path d=\"M148 288h-40c-6.6 0-12-5.4-12-12v-40c0-6.6 5.4-12 12-12h40c6.6 0 12 5.4 12 12v40c0 6.6-5.4 12-12 12zm108-12v-40c0-6.6-5.4-12-12-12h-40c-6.6 0-12 5.4-12 12v40c0 6.6 5.4 12 12 12h40c6.6 0 12-5.4 12-12zm96 0v-40c0-6.6-5.4-12-12-12h-40c-6.6 0-12 5.4-12 12v40c0 6.6 5.4 12 12 12h40c6.6 0 12-5.4 12-12zm-96 96v-40c0-6.6-5.4-12-12-12h-40c-6.6 0-12 5.4-12 12v40c0 6.6 5.4 12 12 12h40c6.6 0 12-5.4 12-12zm-96 0v-40c0-6.6-5.4-12-12-12h-40c-6.6 0-12 5.4-12 12v40c0 6.6 5.4 12 12 12h40c6.6 0 12-5.4 12-12zm192 0v-40c0-6.6-5.4-12-12-12h-40c-6.6 0-12 5.4-12 12v40c0 6.6 5.4 12 12 12h40c6.6 0 12-5.4 12-12zm96-260v352c0 26.5-21.5 48-48 48H48c-26.5 0-48-21.5-48-48V112c0-26.5 21.5-48 48-48h48V12c0-6.6 5.4-12 12-12h40c6.6 0 12 5.4 12 12v52h128V12c0-6.6 5.4-12 12-12h40c6.6 0 12 5.4 12 12v52h48c26.5 0 48 21.5 48 48zm-48 346V160H48v298c0 3.3 2.7 6 6 6h340c3.3 0 6-2.7 6-6z\"><\/path><\/svg><\/span>\n\t\t\t\t\t\t\t<\/span>\n\t\t<\/a>\n\n\t\t\t\t<\/div>\n\t\n\t\n\t\t\t\t\t<\/div>\n\t\t\t\t<\/div>\n\t\t\t\t\t<\/div>\n\t\t\t\t<\/div>\n\t\t\t\t<\/div>\n\t\t","protected":false},"excerpt":{"rendered":"<p>Susi&#8217;s Schnibbelbude Der Salon Willkommen in Susi&#8217;s Schnibbelbude, wo Fachwissen, exzellenter Service und eine gepflegte, gem\u00fctliche Atmosph\u00e4re zusammenkommen, um Dir ein einzigartiges Friseurerlebnis zu bieten. Unsere erfahrenen Stylisten verf\u00fcgen \u00fcber ein tiefes Verst\u00e4ndnis f\u00fcr Haare und Trends, um Deinen individuellen Look zu kreieren.\u00a0 Weiterlesen Wir bieten Dir eine Vielzahl von Dienstleistungen, von klassischen Haarschnitten bis hin zu aufwendigen Colorationen. Wir nehmen uns Zeit f\u00fcr eine pers\u00f6nliche Beratung, um Deine W\u00fcnsche zu verstehen und gemeinsam mit Dir die perfekte Frisur zu finden.In unserem Salon erwartet Dich eine entspannte und einladende Umgebung, in der Du Dich wohlf\u00fchlen und verw\u00f6hnen lassen kannst. Wir sind uns unserer Verantwortung gegen\u00fcber der Umwelt bewusst und handeln nachhaltig. In unserem Salon verwenden wir ausschlie\u00dflich hochwertige Produkte, die sowohl schonend f\u00fcr Dein Haar als auch f\u00fcr die Umwelt sind. Wir achten auf einen ressourcenschonenden Umgang mit Wasser und Energie und vermeiden unn\u00f6tigen M\u00fcll. Nachhaltigkeit ist f\u00fcr uns nicht nur ein Trend, sondern eine Herzensangelegenheit. Wir bieten Dir eine Vielzahl von Dienstleistungen, von klassischen Haarschnitten bis hin zu aufwendigen Colorationen. Wir nehmen uns Zeit f\u00fcr eine pers\u00f6nliche Beratung, um Deine W\u00fcnsche zu verstehen und gemeinsam mit Dir die perfekte Frisur zu finden.In unserem Salon erwartet Dich eine entspannte und einladende Umgebung, in der Du Dich wohlf\u00fchlen und verw\u00f6hnen lassen kannst. Wir sind uns unserer Verantwortung gegen\u00fcber der Umwelt bewusst und handeln nachhaltig. In unserem Salon verwenden wir ausschlie\u00dflich hochwertige Produkte, die sowohl schonend f\u00fcr Dein Haar als auch f\u00fcr die Umwelt sind. Wir achten auf einen ressourcenschonenden Umgang mit Wasser und Energie und vermeiden unn\u00f6tigen M\u00fcll. Nachhaltigkeit ist f\u00fcr uns nicht nur ein Trend, sondern eine Herzensangelegenheit. Termin buchen Unsere Philosophie authentisch &#8211; professionell &#8211; freundlich &#8211; nachhaltig Wir glauben, dass jeder Mensch einzigartig ist und eine Frisur verdient, die seine Pers\u00f6nlichkeit unterstreicht. Unser Ziel ist es, dass Dein Besuch bei uns etwas Unvergessliches wird und Du unseren Salon mit einem L\u00e4cheln und einem gest\u00e4rktem Selbstbewusstsein verl\u00e4sst. \u00d6ffnungszeiten: Dienstag &#8211; Freitag 09.00 Uhr &#8211; 19.00 Uhr Samstag 09.00 Uhr &#8211; 16.00 Uhr \u00dcberzeuge Dich einfach selbst und entdecke Deinen neuen Look! Vereinbare noch heute mit uns einen Termin. +49 12345678 Online-Termin<\/p>\n","protected":false},"author":1,"featured_media":0,"parent":0,"menu_order":0,"comment_status":"closed","ping_status":"closed","template":"","meta":{"_eb_attr":"","_crdt_document":"","site-sidebar-layout":"no-sidebar","site-content-layout":"","ast-site-content-layout":"full-width-container","site-content-style":"default","site-sidebar-style":"default","ast-global-header-display":"","ast-banner-title-visibility":"","ast-main-header-display":"","ast-hfb-above-header-display":"","ast-hfb-below-header-display":"","ast-hfb-mobile-header-display":"","site-post-title":"disabled","ast-breadcrumbs-content":"","ast-featured-img":"disabled","footer-sml-layout":"","theme-transparent-header-meta":"","adv-header-id-meta":"","stick-header-meta":"","header-above-stick-meta":"","header-main-stick-meta":"","header-below-stick-meta":"","astra-migrate-meta-layouts":"default","ast-page-background-enabled":"default","ast-page-background-meta":{"desktop":{"background-color":"var(--ast-global-color-5)","background-image":"","background-repeat":"repeat","background-position":"center center","background-size":"auto","background-attachment":"scroll","background-type":"","background-media":"","overlay-type":"","overlay-color":"","overlay-opacity":"","overlay-gradient":""},"tablet":{"background-color":"","background-image":"","background-repeat":"repeat","background-position":"center center","background-size":"auto","background-attachment":"scroll","background-type":"","background-media":"","overlay-type":"","overlay-color":"","overlay-opacity":"","overlay-gradient":""},"mobile":{"background-color":"","background-image":"","background-repeat":"repeat","background-position":"center center","background-size":"auto","background-attachment":"scroll","background-type":"","background-media":"","overlay-type":"","overlay-color":"","overlay-opacity":"","overlay-gradient":""}},"ast-content-background-meta":{"desktop":{"background-color":"var(--ast-global-color-4)","background-image":"","background-repeat":"repeat","background-position":"center center","background-size":"auto","background-attachment":"scroll","background-type":"","background-media":"","overlay-type":"","overlay-color":"","overlay-opacity":"","overlay-gradient":""},"tablet":{"background-color":"var(--ast-global-color-4)","background-image":"","background-repeat":"repeat","background-position":"center center","background-size":"auto","background-attachment":"scroll","background-type":"","background-media":"","overlay-type":"","overlay-color":"","overlay-opacity":"","overlay-gradient":""},"mobile":{"background-color":"var(--ast-global-color-4)","background-image":"","background-repeat":"repeat","background-position":"center center","background-size":"auto","background-attachment":"scroll","background-type":"","background-media":"","overlay-type":"","overlay-color":"","overlay-opacity":"","overlay-gradient":""}},"footnotes":""},"class_list":["post-25","page","type-page","status-publish","hentry"],"_links":{"self":[{"href":"https:\/\/friseur-coaching-muster1.de\/index.php\/wp-json\/wp\/v2\/pages\/25","targetHints":{"allow":["GET"]}}],"collection":[{"href":"https:\/\/friseur-coaching-muster1.de\/index.php\/wp-json\/wp\/v2\/pages"}],"about":[{"href":"https:\/\/friseur-coaching-muster1.de\/index.php\/wp-json\/wp\/v2\/types\/page"}],"author":[{"embeddable":true,"href":"https:\/\/friseur-coaching-muster1.de\/index.php\/wp-json\/wp\/v2\/users\/1"}],"replies":[{"embeddable":true,"href":"https:\/\/friseur-coaching-muster1.de\/index.php\/wp-json\/wp\/v2\/comments?post=25"}],"version-history":[{"count":61,"href":"https:\/\/friseur-coaching-muster1.de\/index.php\/wp-json\/wp\/v2\/pages\/25\/revisions"}],"predecessor-version":[{"id":828,"href":"https:\/\/friseur-coaching-muster1.de\/index.php\/wp-json\/wp\/v2\/pages\/25\/revisions\/828"}],"wp:attachment":[{"href":"https:\/\/friseur-coaching-muster1.de\/index.php\/wp-json\/wp\/v2\/media?parent=25"}],"curies":[{"name":"wp","href":"https:\/\/api.w.org\/{rel}","templated":true}]}}